{"id":23,"date":"2022-02-22T17:22:22","date_gmt":"2022-02-22T16:22:22","guid":{"rendered":"http:\/\/immo.archi\/?page_id=23"},"modified":"2023-11-02T14:42:25","modified_gmt":"2023-11-02T13:42:25","slug":"stehelin","status":"publish","type":"page","link":"https:\/\/immo.archi\/index.php\/stehelin\/","title":{"rendered":"Exemple dossier"},"content":{"rendered":"<p>[et_pb_section fb_built=\u00a0\u00bb1&Prime; _builder_version=\u00a0\u00bb4.16&Prime; width=\u00a0\u00bb80%\u00a0\u00bb max_width=\u00a0\u00bb80%\u00a0\u00bb module_alignment=\u00a0\u00bbcenter\u00a0\u00bb custom_padding=\u00a0\u00bb0px||0px|||\u00a0\u00bb global_colors_info=\u00a0\u00bb{}\u00a0\u00bb][et_pb_row _builder_version=\u00a0\u00bb4.16&Prime; _module_preset=\u00a0\u00bbdefault\u00a0\u00bb global_colors_info=\u00a0\u00bb{}\u00a0\u00bb][et_pb_column type=\u00a0\u00bb4_4&Prime; _builder_version=\u00a0\u00bb4.16&Prime; _module_preset=\u00a0\u00bbdefault\u00a0\u00bb global_colors_info=\u00a0\u00bb{}\u00a0\u00bb][et_pb_text _builder_version=\u00a0\u00bb4.16&Prime; _module_preset=\u00a0\u00bbdefault\u00a0\u00bb global_colors_info=\u00a0\u00bb{}\u00a0\u00bb]<\/p>\n<h1 style=\"text-align: center;\"><span>EXCLUSIVITE<\/span><\/h1>\n<h1 style=\"text-align: center;\"><span>BORDEAUX Caud\u00e9ran, maison T5, 3 chambres<\/span><\/h1>\n<h1 style=\"text-align: center;\"><strong>425 000\u20ac FAI<\/strong><span><\/span><\/h1>\n<p><span><\/span><\/p>\n<p>[\/et_pb_text][\/et_pb_column][\/et_pb_row][\/et_pb_section][et_pb_section fb_built=\u00a0\u00bb1&Prime; _builder_version=\u00a0\u00bb4.16&Prime; _module_preset=\u00a0\u00bbdefault\u00a0\u00bb width=\u00a0\u00bb80%\u00a0\u00bb max_width=\u00a0\u00bb80%\u00a0\u00bb module_alignment=\u00a0\u00bbcenter\u00a0\u00bb custom_padding=\u00a0\u00bb|||11px||\u00a0\u00bb global_colors_info=\u00a0\u00bb{}\u00a0\u00bb][et_pb_row column_structure=\u00a0\u00bb1_2,1_2&Prime; _builder_version=\u00a0\u00bb4.16&Prime; _module_preset=\u00a0\u00bbdefault\u00a0\u00bb global_colors_info=\u00a0\u00bb{}\u00a0\u00bb][et_pb_column type=\u00a0\u00bb1_2&Prime; _builder_version=\u00a0\u00bb4.16&Prime; _module_preset=\u00a0\u00bbdefault\u00a0\u00bb global_colors_info=\u00a0\u00bb{}\u00a0\u00bb][et_pb_gallery gallery_ids=\u00a0\u00bb45,37,38,39,40,41,42,43,44,46&Prime; fullwidth=\u00a0\u00bbon\u00a0\u00bb _builder_version=\u00a0\u00bb4.16&Prime; _module_preset=\u00a0\u00bbdefault\u00a0\u00bb global_colors_info=\u00a0\u00bb{}\u00a0\u00bb][\/et_pb_gallery][\/et_pb_column][et_pb_column type=\u00a0\u00bb1_2&Prime; _builder_version=\u00a0\u00bb4.16&Prime; _module_preset=\u00a0\u00bbdefault\u00a0\u00bb global_colors_info=\u00a0\u00bb{}\u00a0\u00bb][et_pb_text _builder_version=\u00a0\u00bb4.16&Prime; _module_preset=\u00a0\u00bbdefault\u00a0\u00bb global_colors_info=\u00a0\u00bb{}\u00a0\u00bb]<\/p>\n<p>Situ\u00e9e dans le pris\u00e9 quartier de BORDEAUX Caud\u00e9ran, laissez-vous s\u00e9duire par cette \u00e9l\u00e9gante maison T5 comprenant 3 chambres et s&rsquo;\u00e9tendant sur une superficie d&rsquo;environ 99 m\u00b2. Elle dispose d&rsquo;un sous-sol\/rez-de-jardin soigneusement am\u00e9nag\u00e9 de 23 m\u00b2 et d&rsquo;un garage g\u00e9n\u00e9reux de 22 m\u00b2. Vous serez \u00e9galement charm\u00e9 par son jardin clos et joliment arbor\u00e9 de 420 m\u00b2.<\/p>\n<p>Un projet de r\u00e9novation, con\u00e7u par un architecte renomm\u00e9, est pr\u00eat \u00e0 \u00eatre consult\u00e9 et a d\u00e9j\u00e0 \u00e9t\u00e9 \u00e9valu\u00e9. Une visualisation en 3D est disponible sur demande. \u00c0 noter que les photos du projet de r\u00e9novation sont \u00e0 titre illustratif et ne sont pas contractuelles.<\/p>\n<p>Concernant les frais d&rsquo;agence, ils sont \u00e0 la charge de l&rsquo;acqu\u00e9reur et s&rsquo;\u00e9l\u00e8vent \u00e0 5% TTC du prix de vente. Pour davantage de renseignements, n&rsquo;h\u00e9sitez pas \u00e0 contacter Martin Brodu, votre architecte-agent immobilier chez IMMO.ARCHI, au 07 68 52 00 84.<\/p>\n<p>[\/et_pb_text][\/et_pb_column][\/et_pb_row][et_pb_row column_structure=\u00a0\u00bb1_2,1_2&Prime; _builder_version=\u00a0\u00bb4.17.4&Prime; _module_preset=\u00a0\u00bbdefault\u00a0\u00bb global_colors_info=\u00a0\u00bb{}\u00a0\u00bb][et_pb_column type=\u00a0\u00bb1_2&Prime; _builder_version=\u00a0\u00bb4.16&Prime; _module_preset=\u00a0\u00bbdefault\u00a0\u00bb global_colors_info=\u00a0\u00bb{}\u00a0\u00bb][et_pb_text _builder_version=\u00a0\u00bb4.16&Prime; _module_preset=\u00a0\u00bbdefault\u00a0\u00bb global_colors_info=\u00a0\u00bb{}\u00a0\u00bb]<\/p>\n<p>La projet<\/p>\n<p>Le projet de r\u00e9novation vise principalement la transformation du garage situ\u00e9 au rez-de-jardin. L&rsquo;objectif est de cr\u00e9er un vaste s\u00e9jour avec une cuisine ouverte, offrant une vue imprenable sur le jardin. Certaines pi\u00e8ces ont \u00e9t\u00e9 astucieusement r\u00e9agenc\u00e9es pour optimiser l&rsquo;espace tout en pr\u00e9servant au maximum les structures existantes, afin de minimiser les co\u00fbts.<\/p>\n<p>Vous b\u00e9n\u00e9ficierez ainsi d&rsquo;un salon chaleureux et convivial, id\u00e9al pour des moments de d\u00e9tente en famille ou entre amis.<\/p>\n<p><span>\u00a0<\/span><\/p>\n<p><span><\/span><\/p>\n<p>[\/et_pb_text][\/et_pb_column][et_pb_column type=\u00a0\u00bb1_2&Prime; _builder_version=\u00a0\u00bb4.16&Prime; _module_preset=\u00a0\u00bbdefault\u00a0\u00bb global_colors_info=\u00a0\u00bb{}\u00a0\u00bb][et_pb_gallery gallery_ids=\u00a0\u00bb61,57,58,60,62,63,64,59&Prime; fullwidth=\u00a0\u00bbon\u00a0\u00bb _builder_version=\u00a0\u00bb4.16&Prime; _module_preset=\u00a0\u00bbdefault\u00a0\u00bb global_colors_info=\u00a0\u00bb{}\u00a0\u00bb][\/et_pb_gallery][\/et_pb_column][\/et_pb_row][et_pb_row column_structure=\u00a0\u00bb1_2,1_2&Prime; _builder_version=\u00a0\u00bb4.16&Prime; _module_preset=\u00a0\u00bbdefault\u00a0\u00bb global_colors_info=\u00a0\u00bb{}\u00a0\u00bb][et_pb_column type=\u00a0\u00bb1_2&Prime; _builder_version=\u00a0\u00bb4.16&Prime; _module_preset=\u00a0\u00bbdefault\u00a0\u00bb global_colors_info=\u00a0\u00bb{}\u00a0\u00bb][et_pb_code _builder_version=\u00a0\u00bb4.16&Prime; _module_preset=\u00a0\u00bbdefault\u00a0\u00bb global_colors_info=\u00a0\u00bb{}\u00a0\u00bb]<iframe src='https:\/\/envisite.net\/vtour\/fr\/iuaojy\/frame' width='740px' height='400px' frameborder='0' allowFullScreen><\/iframe>[\/et_pb_code][\/et_pb_column][et_pb_column type=\u00a0\u00bb1_2&Prime; _builder_version=\u00a0\u00bb4.16&Prime; _module_preset=\u00a0\u00bbdefault\u00a0\u00bb global_colors_info=\u00a0\u00bb{}\u00a0\u00bb][et_pb_code _builder_version=\u00a0\u00bb4.16&Prime; _module_preset=\u00a0\u00bbdefault\u00a0\u00bb global_colors_info=\u00a0\u00bb{}\u00a0\u00bb]<iframe src='https:\/\/envisite.net\/vtour\/fr\/bp22dr\/frame' width='740px' height='400px' frameborder='0' allowFullScreen><\/iframe>[\/et_pb_code][\/et_pb_column][\/et_pb_row][et_pb_row column_structure=\u00a0\u00bb1_2,1_2&Prime; _builder_version=\u00a0\u00bb4.16&Prime; _module_preset=\u00a0\u00bbdefault\u00a0\u00bb global_colors_info=\u00a0\u00bb{}\u00a0\u00bb][et_pb_column type=\u00a0\u00bb1_2&Prime; _builder_version=\u00a0\u00bb4.16&Prime; _module_preset=\u00a0\u00bbdefault\u00a0\u00bb global_colors_info=\u00a0\u00bb{}\u00a0\u00bb][et_pb_code _builder_version=\u00a0\u00bb4.16&Prime; _module_preset=\u00a0\u00bbdefault\u00a0\u00bb global_colors_info=\u00a0\u00bb{}\u00a0\u00bb]<iframe loading=\"lazy\" src=\"https:\/\/www.google.com\/maps\/d\/u\/0\/embed?mid=1kKFfad9hcjUR2z5DQunH_Kh65LXgr_M8&#038;ehbc=2E312F\" width=\"640\" height=\"480\"><\/iframe>[\/et_pb_code][\/et_pb_column][et_pb_column type=\u00a0\u00bb1_2&Prime; _builder_version=\u00a0\u00bb4.16&Prime; _module_preset=\u00a0\u00bbdefault\u00a0\u00bb global_colors_info=\u00a0\u00bb{}\u00a0\u00bb][et_pb_text _builder_version=\u00a0\u00bb4.16&Prime; _module_preset=\u00a0\u00bbdefault\u00a0\u00bb global_colors_info=\u00a0\u00bb{}\u00a0\u00bb]<\/p>\n<ul>\n<li>\n<h4>Transport en commun \u00e0 proximit\u00e9 (ligne 2)<\/h4>\n<\/li>\n<li>\n<h4>commerces, proche de la future ligne de bus \u00e0 haut niveau de service.<\/h4>\n<\/li>\n<li>\n<h4>Ecole primaire \u00e0 300 m, ensemble scolaire Grand Lebrun \u00e0 2 km<\/h4>\n<\/li>\n<li>\n<h4>Boulangerie \u00e0 100m<\/h4>\n<\/li>\n<li>\n<h4>Pharmacie \u00e0 100m<\/h4>\n<\/li>\n<li>\n<h4>Supermarch\u00e9 \u00e0 300m<span><\/span><\/h4>\n<\/li>\n<\/ul>\n<p>[\/et_pb_text][\/et_pb_column][\/et_pb_row][et_pb_row _builder_version=\u00a0\u00bb4.16&Prime; _module_preset=\u00a0\u00bbdefault\u00a0\u00bb global_colors_info=\u00a0\u00bb{}\u00a0\u00bb][et_pb_column type=\u00a0\u00bb4_4&Prime; _builder_version=\u00a0\u00bb4.16&Prime; _module_preset=\u00a0\u00bbdefault\u00a0\u00bb global_colors_info=\u00a0\u00bb{}\u00a0\u00bb][et_pb_image src=\u00a0\u00bbhttps:\/\/immo.archi\/wp-content\/uploads\/2022\/02\/PLAN-RDC.jpg\u00a0\u00bb title_text=\u00a0\u00bbPLAN RDC\u00a0\u00bb _builder_version=\u00a0\u00bb4.16&Prime; _module_preset=\u00a0\u00bbdefault\u00a0\u00bb global_colors_info=\u00a0\u00bb{}\u00a0\u00bb][\/et_pb_image][et_pb_image src=\u00a0\u00bbhttps:\/\/immo.archi\/wp-content\/uploads\/2022\/02\/PLAN-DRJ.jpg\u00a0\u00bb title_text=\u00a0\u00bbPLAN DRJ\u00a0\u00bb _builder_version=\u00a0\u00bb4.16&Prime; _module_preset=\u00a0\u00bbdefault\u00a0\u00bb global_colors_info=\u00a0\u00bb{}\u00a0\u00bb][\/et_pb_image][\/et_pb_column][\/et_pb_row][et_pb_row _builder_version=\u00a0\u00bb4.17.4&Prime; _module_preset=\u00a0\u00bbdefault\u00a0\u00bb][et_pb_column _builder_version=\u00a0\u00bb4.17.4&Prime; _module_preset=\u00a0\u00bbdefault\u00a0\u00bb type=\u00a0\u00bb4_4&Prime;][et_pb_image src=\u00a0\u00bbhttps:\/\/immo.archi\/wp-content\/uploads\/2023\/09\/STEHELIN.jpg\u00a0\u00bb _builder_version=\u00a0\u00bb4.17.4&Prime; _module_preset=\u00a0\u00bbdefault\u00a0\u00bb title_text=\u00a0\u00bbSTEHELIN\u00a0\u00bb hover_enabled=\u00a0\u00bb0&Prime; sticky_enabled=\u00a0\u00bb0&Prime;][\/et_pb_image][\/et_pb_column][\/et_pb_row][\/et_pb_section]<\/p>\n","protected":false},"excerpt":{"rendered":"<p>EXCLUSIVITE BORDEAUX Caud\u00e9ran, maison T5, 3 chambres 425 000\u20ac FAI Situ\u00e9e dans le pris\u00e9 quartier de BORDEAUX Caud\u00e9ran, laissez-vous s\u00e9duire par cette \u00e9l\u00e9gante maison T5 comprenant 3 chambres et s&rsquo;\u00e9tendant sur une superficie d&rsquo;environ 99 m\u00b2. Elle dispose d&rsquo;un sous-sol\/rez-de-jardin soigneusement am\u00e9nag\u00e9 de 23 m\u00b2 et d&rsquo;un garage g\u00e9n\u00e9reux de 22 m\u00b2. Vous serez \u00e9galement [&hellip;]<\/p>\n","protected":false},"author":1,"featured_media":0,"parent":0,"menu_order":0,"comment_status":"closed","ping_status":"closed","template":"","meta":{"_et_pb_use_builder":"on","_et_pb_old_content":"<!-- wp:columns -->\n<div class=\"wp-block-columns\"><!-- wp:column {\"width\":\"100%\"} -->\n<div class=\"wp-block-column\" style=\"flex-basis:100%\"><!-- wp:divi\/layout -->\n<div class=\"wp-block-divi-layout\">[et_pb_section fb_built=\"1\" _builder_version=\"4.5.0\" _module_preset=\"default\" custom_padding=\"|||11px||\" width=\"100%\" hover_enabled=\"0\"][et_pb_row _builder_version=\"4.5.0\" _module_preset=\"default\" column_structure=\"1_2,1_2\"][et_pb_column _builder_version=\"4.5.0\" _module_preset=\"default\" type=\"1_2\"][et_pb_gallery _builder_version=\"4.5.0\" _module_preset=\"default\" gallery_ids=\"45,37,38,39,40,41,42,43,44,46\" fullwidth=\"on\" hover_enabled=\"0\"][\/et_pb_gallery][\/et_pb_column][et_pb_column _builder_version=\"4.5.0\" _module_preset=\"default\" type=\"1_2\"][\/et_pb_column][\/et_pb_row][\/et_pb_section]<\/div>\n<!-- \/wp:divi\/layout --><\/div>\n<!-- \/wp:column --><\/div>\n<!-- \/wp:columns -->\n\n<!-- wp:group -->\n<div class=\"wp-block-group\"><\/div>\n<!-- \/wp:group -->\n\n<!-- wp:paragraph -->\n<p><\/p>\n<!-- \/wp:paragraph -->","_et_gb_content_width":"793","footnotes":""},"class_list":["post-23","page","type-page","status-publish","hentry"],"_links":{"self":[{"href":"https:\/\/immo.archi\/index.php\/wp-json\/wp\/v2\/pages\/23","targetHints":{"allow":["GET"]}}],"collection":[{"href":"https:\/\/immo.archi\/index.php\/wp-json\/wp\/v2\/pages"}],"about":[{"href":"https:\/\/immo.archi\/index.php\/wp-json\/wp\/v2\/types\/page"}],"author":[{"embeddable":true,"href":"https:\/\/immo.archi\/index.php\/wp-json\/wp\/v2\/users\/1"}],"replies":[{"embeddable":true,"href":"https:\/\/immo.archi\/index.php\/wp-json\/wp\/v2\/comments?post=23"}],"version-history":[{"count":16,"href":"https:\/\/immo.archi\/index.php\/wp-json\/wp\/v2\/pages\/23\/revisions"}],"predecessor-version":[{"id":480,"href":"https:\/\/immo.archi\/index.php\/wp-json\/wp\/v2\/pages\/23\/revisions\/480"}],"wp:attachment":[{"href":"https:\/\/immo.archi\/index.php\/wp-json\/wp\/v2\/media?parent=23"}],"curies":[{"name":"wp","href":"https:\/\/api.w.org\/{rel}","templated":true}]}}